{"id":96156,"date":"2025-02-10T20:11:16","date_gmt":"2025-02-10T19:11:16","guid":{"rendered":"https:\/\/www.orto-bar.com\/?post_type=product&#038;p=96156"},"modified":"2025-03-21T19:29:17","modified_gmt":"2025-03-21T18:29:17","slug":"orto-fest-2025-eleine-klogr-final-stage","status":"publish","type":"product","link":"https:\/\/www.orto-bar.com\/en\/dogodki\/arhiv\/orto-fest-2025-eleine-klogr-final-stage\/","title":{"rendered":"Orto Fest 2025 &#8211;  Eleine, Klogr, Final Stage"},"content":{"rendered":"<p>Vstopnice v prodaji prek On-parole! 18 evrov v predprodaji, 22 evrov na dan koncerta.<br \/>\n<a href=\"https:\/\/qr-codes.io\/GOn3R8\">https:\/\/qr-codes.io\/GOn3R8<\/a><\/p>\n<p>Tickets in presale through On-parole! 18 euro in presale, 22 euro on show day.<br \/>\n<a href=\"https:\/\/qr-codes.io\/hybj2k\">https:\/\/qr-codes.io\/hybj2k<\/a><\/p>\n<p>Pripravite se na nepozaben ve\u010der simfoni\u010dnega metala! \u0160vedska senzacija ELEINE prihaja v Slovenijo in obljublja spektakularen nastop, ki bo razburkal vse ljubitelje tema\u010dne elegance in mogo\u010dnih riffov.<br \/>\nZasedba, ki zdru\u017euje simfoni\u010dne aran\u017emaje, mo\u010dne melodije in te\u017eke kitare, je v zadnjih letih osvojila srca metalskih navdu\u0161encev po vsem svetu. Karizmati\u010dna pevka Madeleine Liljestam s svojim hipnoti\u010dnim vokalom in izjemno odrsko prezenco vodi bend skozi atmosferi\u010dne in obenem brutalne kompozicije, ki so dvignile ELEINE med najbolj prepoznavna imena sodobnega symphonic metala. Njihov zadnji album je po\u017eel izjemne kritike, z energi\u010dnimi nastopi pa dokazujejo, da sodijo med najbolj vro\u010de glasbene skupine tega \u017eanra.<br \/>\nVe\u010der bodo ogreli \u0161e dve odli\u010dni zasedbi: italijansko-ameri\u0161ki KLOGR, ki prepletajo alternativni in progresivni metal, ter italijanski FINAL STAGE, ki prina\u0161ajo pravo metal energijo!<br \/>\nNe zamudi prilo\u017enosti, da v \u017eivo do\u017eivi\u0161 ELEINE in njihovo tema\u010dno, a obenem epsko atmosfero!<\/p>\n<p>ELEINE<br \/>\n<a href=\"https:\/\/www.facebook.com\/eleineofficial\">https:\/\/www.facebook.com\/eleineofficial<\/a><br \/>\n<a href=\"https:\/\/www.youtube.com\/watch?v=QpQQZYViuZM\">https:\/\/www.youtube.com\/watch?v=QpQQZYViuZM<\/a><\/p>\n<p>KLOGR<br \/>\n<a href=\"https:\/\/www.facebook.com\/klogr\">https:\/\/www.facebook.com\/klogr<\/a><br \/>\n<a href=\"https:\/\/www.youtube.com\/watch?v=EPQ6LwEDkpI\">https:\/\/www.youtube.com\/watch?v=EPQ6LwEDkpI<\/a><\/p>\n<p>FINAL STAGE<br \/>\n<a href=\"https:\/\/www.facebook.com\/FinalStageRockbandd\/\">https:\/\/www.facebook.com\/FinalStageRockbandd\/<\/a><br \/>\n<a href=\"https:\/\/www.youtube.com\/watch?v=G9dhjnadyFY\">https:\/\/www.youtube.com\/watch?v=G9dhjnadyFY<\/a><\/p>","protected":false},"excerpt":{"rendered":"<p>Vstopnice v prodaji prek On-parole! 18 evrov v predprodaji, 22 evrov na dan koncerta. https:\/\/qr-codes.io\/GOn3R8 Tickets in presale through On-parole! 18 euro in presale, 22 euro on show day. https:\/\/qr-codes.io\/hybj2k Pripravite se na nepozaben ve\u010der simfoni\u010dnega metala! \u0160vedska senzacija ELEINE prihaja v Slovenijo in obljublja spektakularen nastop, ki bo razburkal vse ljubitelje tema\u010dne elegance in [&hellip;]<\/p>","protected":false},"author":11,"featured_media":96157,"template":"","meta":{"_seopress_robots_primary_cat":"none","_seopress_titles_title":"","_seopress_titles_desc":"","_seopress_robots_index":""},"product_brand":[],"product_cat":[230],"product_tag":[222],"class_list":{"0":"post-96156","1":"product","2":"type-product","3":"status-publish","4":"has-post-thumbnail","6":"product_cat-arhiv","7":"product_tag-predprodaja","9":"entry","10":"has-media","12":"first","13":"instock","14":"virtual","15":"taxable","16":"product-type-simple","17":"has-product-nav","18":"col","19":"span_1_of_4","20":"owp-content-center","21":"item-entry","22":"owp-thumbs-layout-horizontal","23":"owp-btn-normal","24":"owp-tabs-layout-section","25":"has-no-thumbnails"},"publishpress_future_action":{"enabled":false,"date":"2026-04-30 12:04:16","action":"change-status","newStatus":"draft","terms":[],"taxonomy":"product_cat","extraData":[]},"publishpress_future_workflow_manual_trigger":{"enabledWorkflows":[]},"_links":{"self":[{"href":"https:\/\/www.orto-bar.com\/en\/wp-json\/wp\/v2\/product\/96156","targetHints":{"allow":["GET"]}}],"collection":[{"href":"https:\/\/www.orto-bar.com\/en\/wp-json\/wp\/v2\/product"}],"about":[{"href":"https:\/\/www.orto-bar.com\/en\/wp-json\/wp\/v2\/types\/product"}],"author":[{"embeddable":true,"href":"https:\/\/www.orto-bar.com\/en\/wp-json\/wp\/v2\/users\/11"}],"version-history":[{"count":0,"href":"https:\/\/www.orto-bar.com\/en\/wp-json\/wp\/v2\/product\/96156\/revisions"}],"wp:featuredmedia":[{"embeddable":true,"href":"https:\/\/www.orto-bar.com\/en\/wp-json\/wp\/v2\/media\/96157"}],"wp:attachment":[{"href":"https:\/\/www.orto-bar.com\/en\/wp-json\/wp\/v2\/media?parent=96156"}],"wp:term":[{"taxonomy":"product_brand","embeddable":true,"href":"https:\/\/www.orto-bar.com\/en\/wp-json\/wp\/v2\/product_brand?post=96156"},{"taxonomy":"product_cat","embeddable":true,"href":"https:\/\/www.orto-bar.com\/en\/wp-json\/wp\/v2\/product_cat?post=96156"},{"taxonomy":"product_tag","embeddable":true,"href":"https:\/\/www.orto-bar.com\/en\/wp-json\/wp\/v2\/product_tag?post=96156"}],"curies":[{"name":"wp","href":"https:\/\/api.w.org\/{rel}","templated":true}]}}