{"id":96315,"date":"2025-02-11T14:10:40","date_gmt":"2025-02-11T13:10:40","guid":{"rendered":"https:\/\/www.orto-bar.com\/?post_type=product&#038;p=96315"},"modified":"2025-03-14T16:40:40","modified_gmt":"2025-03-14T15:40:40","slug":"klt-by-whiteman-feat-gf","status":"publish","type":"product","link":"https:\/\/www.orto-bar.com\/en\/dogodki\/arhiv\/klt-by-whiteman-feat-gf\/","title":{"rendered":"KLT by Whiteman feat. GF"},"content":{"rendered":"<p>&nbsp;<\/p>\n<p>KLT by Whiteman feat. GF je pet\u010dlanska zasedba iz Trbovelj, ki izvaja avtorsko punk-jazz glasbo. Motivika je tradicionalna, vsebina pa osebnoizpovedna. Polovico pesmi poslu\u0161alci navadno povezujejo z Biti\u010dem, polovico s Tilko. \u010ceprav je na\u0161e delo v nekaterih pogledih izjemno nekonvencionalno, bomo za potrebe koncerta ortodoksni.<\/p>\n<p>&nbsp;<\/p>","protected":false},"excerpt":{"rendered":"<p>&nbsp; KLT by Whiteman feat. GF je pet\u010dlanska zasedba iz Trbovelj, ki izvaja avtorsko punk-jazz glasbo. Motivika je tradicionalna, vsebina pa osebnoizpovedna. Polovico pesmi poslu\u0161alci navadno povezujejo z Biti\u010dem, polovico s Tilko. \u010ceprav je na\u0161e delo v nekaterih pogledih izjemno nekonvencionalno, bomo za potrebe koncerta ortodoksni. &nbsp;<\/p>","protected":false},"author":11,"featured_media":96346,"template":"","meta":{"_seopress_robots_primary_cat":"none","_seopress_titles_title":"","_seopress_titles_desc":"","_seopress_robots_index":""},"product_brand":[],"product_cat":[230],"product_tag":[222],"class_list":{"0":"post-96315","1":"product","2":"type-product","3":"status-publish","4":"has-post-thumbnail","6":"product_cat-arhiv","7":"product_tag-predprodaja","9":"entry","10":"has-media","12":"first","13":"instock","14":"virtual","15":"taxable","16":"product-type-simple","17":"has-product-nav","18":"col","19":"span_1_of_4","20":"owp-content-center","21":"item-entry","22":"owp-thumbs-layout-horizontal","23":"owp-btn-normal","24":"owp-tabs-layout-section","25":"has-no-thumbnails"},"publishpress_future_action":{"enabled":false,"date":"2026-05-10 16:11:08","action":"change-status","newStatus":"draft","terms":[],"taxonomy":"product_cat","extraData":[]},"publishpress_future_workflow_manual_trigger":{"enabledWorkflows":[]},"_links":{"self":[{"href":"https:\/\/www.orto-bar.com\/en\/wp-json\/wp\/v2\/product\/96315","targetHints":{"allow":["GET"]}}],"collection":[{"href":"https:\/\/www.orto-bar.com\/en\/wp-json\/wp\/v2\/product"}],"about":[{"href":"https:\/\/www.orto-bar.com\/en\/wp-json\/wp\/v2\/types\/product"}],"author":[{"embeddable":true,"href":"https:\/\/www.orto-bar.com\/en\/wp-json\/wp\/v2\/users\/11"}],"version-history":[{"count":0,"href":"https:\/\/www.orto-bar.com\/en\/wp-json\/wp\/v2\/product\/96315\/revisions"}],"wp:featuredmedia":[{"embeddable":true,"href":"https:\/\/www.orto-bar.com\/en\/wp-json\/wp\/v2\/media\/96346"}],"wp:attachment":[{"href":"https:\/\/www.orto-bar.com\/en\/wp-json\/wp\/v2\/media?parent=96315"}],"wp:term":[{"taxonomy":"product_brand","embeddable":true,"href":"https:\/\/www.orto-bar.com\/en\/wp-json\/wp\/v2\/product_brand?post=96315"},{"taxonomy":"product_cat","embeddable":true,"href":"https:\/\/www.orto-bar.com\/en\/wp-json\/wp\/v2\/product_cat?post=96315"},{"taxonomy":"product_tag","embeddable":true,"href":"https:\/\/www.orto-bar.com\/en\/wp-json\/wp\/v2\/product_tag?post=96315"}],"curies":[{"name":"wp","href":"https:\/\/api.w.org\/{rel}","templated":true}]}}