{"id":96788,"date":"2025-02-13T10:45:33","date_gmt":"2025-02-13T09:45:33","guid":{"rendered":"https:\/\/www.orto-bar.com\/?post_type=product&#038;p=96788"},"modified":"2025-03-21T19:29:08","modified_gmt":"2025-03-21T18:29:08","slug":"barking-jacqueline","status":"publish","type":"product","link":"https:\/\/www.orto-bar.com\/en\/dogodki\/arhiv\/barking-jacqueline\/","title":{"rendered":"Barking Jacqueline"},"content":{"rendered":"<p>&nbsp;<\/p>\n<p>BARKING JACQUELINE<\/p>\n<p>Zgodba o \u00bblajanju\u00ab Jacqueline v osr\u010dju Slovenije, sredi valovitih gri\u010dev in mirne pokrajine, je ti\u0161ino prebilo prvobitno zavijanje \u2013 odmev, ki se bo nekega dne spremenil v Barking Jacqueline.<\/p>\n<p>Skupina je za\u010dela v slabo osvetljeni gara\u017ei, kjer sta se prvi\u010d sre\u010dala Roman Milek (bas in vokal) in Mirsad \u0160abi\u010d (bobni). Zdru\u017eevala ju je ljubezen do surove, kaoti\u010dne energije metala in funky grooveov, pa tudi trippy raz\u0161irjajo\u010de vzdu\u0161je psihodelije. Eno leto sta \u0111emala, eksperimentirala in iskali svoj zvok \u2013 me\u0161anico \u017eanrov, ki je bila tako eklekti\u010dna, da se je zdelo, kot da bi upogibala prostor in \u010das. Funky, kovinska in neustavljivo groovy, je njuno \u0111emanje kljubovala konvencijam in oba sta si hitro pridobila ugled zaradi svojih divjih nastopov na lokalnih zabavah in podzemnih koncertih. Ko je pri\u0161el \u010das za snemanje prvega albuma &#8220;Over the Green Horizon&#8221;, je bend zaposlili Luko Gramca, kitarista, ki je s svojimi ognjenimi riffi o\u017eivil njune zgodnje pesmi. Album je bil eklekti\u010dna mojstrovina, ki je zdru\u017eevala funky basasovske linije, psihedeli\u010dne atmosfere in neizprosno mo\u010d metala. To je bil zvok, ki je odseval tiho lepoto Slovenije in kaoti\u010dno energijo, ki je vrela pod njenim povr\u0161jem. Na njihovem drugem albumu, &#8220;Cut the Wire&#8221;, se je skupina poglobila v te\u017eje, bolj grobe zvoke, raziskovala teme svobode, upora in razbijanja dru\u017ebenih verig. Do takrat je njihova kemija dosegla nove vi\u0161ave, vendar je \u017eivljenje skupini vrglo krivuljo. Luka Gramc je zapustil skupino po izidu albuma, tako da sta se Roman in Mirsad spra\u0161evala, ali je zgodba Barking Jacqueline pri\u0161la do konca. Toda usoda je imela druge na\u010drte. Vstopi Aleksander Kuznecov, kitarist z edinstvenim ob\u010dutkom za upogibanje \u017eanrov. Aleksandrov slog je bil kot strela \u2013 oster, nepredvidljiv in naelektren. Ni samo zamenjal Luke; preoblikoval je skupino. Z Alexandrom na krovu se je Barking Jacqueline po\u010dutila prerojeno, feniks, ki se dviga iz pepela, bolj drzno in eksperimentalno kot kdajkoli prej. Zdaj tridelna \u00bbelektrarna\u00ab dela neutrudno in izpopolnjujejo svoj setlist pesmi iz pesmi \u00bbOver the Green Horizon\u00ab in \u00bbCut the Wire\u00ab, medtem ko i\u0161\u010dejo koncerte, da bi svetu prinesli svojo elektri\u010dno energijo v \u017eivo. La\u010dni so odra, odlo\u010deni, da bodo ob\u010dinstvu naredili groove \u00a0in se izgubili v \u017eanrskem vrtincu, ki ga ustvarjajo. V zakulisju je trio \u017ee poln idej za svoj naslednji album. Novi material obljublja, da bo vzel vse, kar predstavlja Barking Jacqueline &#8211; funk, metal, fusion, psihedeli\u010dne vibracije in surov, nefiltriran rock &#8211; in ga potisnil v najbolj divje skrajnosti.<\/p>\n<p>BARKING JACQUELINE SO:<\/p>\n<p>ROMAN MILEK (Kr\u0161ko) \u2013 bass, vokali<\/p>\n<p>ALEKSANDER KUZNETSOV (Moskva) \u2013 kitare<\/p>\n<p>MIRSAD \u0160ABI\u0106 (Ljubljana) \u2013 bobni<\/p>\n<p>Youtube : <a href=\"https:\/\/youtu.be\/rt8eyYEHpsA\">https:\/\/youtu.be\/rt8eyYEHpsA<\/a><\/p>\n<p>Splet: <a href=\"https:\/\/www.facebook.com\/BarkingJacqueline\">https:\/\/www.facebook.com\/BarkingJacqueline<\/a><\/p>\n<p>Discografija: Over the Green Horizon (2019), Cut the Wire (2022)<\/p>","protected":false},"excerpt":{"rendered":"<p>&nbsp; BARKING JACQUELINE Zgodba o \u00bblajanju\u00ab Jacqueline v osr\u010dju Slovenije, sredi valovitih gri\u010dev in mirne pokrajine, je ti\u0161ino prebilo prvobitno zavijanje \u2013 odmev, ki se bo nekega dne spremenil v Barking Jacqueline. Skupina je za\u010dela v slabo osvetljeni gara\u017ei, kjer sta se prvi\u010d sre\u010dala Roman Milek (bas in vokal) in Mirsad \u0160abi\u010d (bobni). Zdru\u017eevala ju [&hellip;]<\/p>","protected":false},"author":11,"featured_media":96789,"template":"","meta":{"_seopress_robots_primary_cat":"none","_seopress_titles_title":"","_seopress_titles_desc":"","_seopress_robots_index":""},"product_brand":[],"product_cat":[230],"product_tag":[222],"class_list":{"0":"post-96788","1":"product","2":"type-product","3":"status-publish","4":"has-post-thumbnail","6":"product_cat-arhiv","7":"product_tag-predprodaja","9":"entry","10":"has-media","12":"first","13":"instock","14":"virtual","15":"taxable","16":"product-type-simple","17":"has-product-nav","18":"col","19":"span_1_of_4","20":"owp-content-center","21":"item-entry","22":"owp-thumbs-layout-horizontal","23":"owp-btn-normal","24":"owp-tabs-layout-section","25":"has-no-thumbnails"},"publishpress_future_action":{"enabled":false,"date":"2026-05-10 23:52:24","action":"change-status","newStatus":"draft","terms":[],"taxonomy":"product_cat","extraData":[]},"publishpress_future_workflow_manual_trigger":{"enabledWorkflows":[]},"_links":{"self":[{"href":"https:\/\/www.orto-bar.com\/en\/wp-json\/wp\/v2\/product\/96788","targetHints":{"allow":["GET"]}}],"collection":[{"href":"https:\/\/www.orto-bar.com\/en\/wp-json\/wp\/v2\/product"}],"about":[{"href":"https:\/\/www.orto-bar.com\/en\/wp-json\/wp\/v2\/types\/product"}],"author":[{"embeddable":true,"href":"https:\/\/www.orto-bar.com\/en\/wp-json\/wp\/v2\/users\/11"}],"version-history":[{"count":0,"href":"https:\/\/www.orto-bar.com\/en\/wp-json\/wp\/v2\/product\/96788\/revisions"}],"wp:featuredmedia":[{"embeddable":true,"href":"https:\/\/www.orto-bar.com\/en\/wp-json\/wp\/v2\/media\/96789"}],"wp:attachment":[{"href":"https:\/\/www.orto-bar.com\/en\/wp-json\/wp\/v2\/media?parent=96788"}],"wp:term":[{"taxonomy":"product_brand","embeddable":true,"href":"https:\/\/www.orto-bar.com\/en\/wp-json\/wp\/v2\/product_brand?post=96788"},{"taxonomy":"product_cat","embeddable":true,"href":"https:\/\/www.orto-bar.com\/en\/wp-json\/wp\/v2\/product_cat?post=96788"},{"taxonomy":"product_tag","embeddable":true,"href":"https:\/\/www.orto-bar.com\/en\/wp-json\/wp\/v2\/product_tag?post=96788"}],"curies":[{"name":"wp","href":"https:\/\/api.w.org\/{rel}","templated":true}]}}