{"id":97033,"date":"2025-02-14T11:14:16","date_gmt":"2025-02-14T10:14:16","guid":{"rendered":"https:\/\/www.orto-bar.com\/?post_type=product&#038;p=97033"},"modified":"2025-05-15T21:39:05","modified_gmt":"2025-05-15T19:39:05","slug":"angels-ex-nimfort-spaceship-earth","status":"publish","type":"product","link":"https:\/\/www.orto-bar.com\/en\/dogodki\/arhiv\/angels-ex-nimfort-spaceship-earth\/","title":{"rendered":"Angel&#8217;s Ex, Nimfort, Spaceship Earth"},"content":{"rendered":"<p>&nbsp;<\/p>\n<p>Angel&#8217;s Ex:<\/p>\n<p>Mi smo Angel&#8217;s Ex; mlada skupina iz Ljubljane, ki igra\u00a0sexy\u00a0rock &#8216;n&#8217; roll. Najbolj HOT mlado skupino iz Slovenije sestavljamo Leon Bahovec, Jon Ku\u0161trin Tur\u010dinovi\u0107, Niko Kaliterna, Grega Rus in Domen Smole. Skupaj smo preigrali \u017ee obilico koncertov tako v Sloveniji kot tudi \u017ee v tujini in bili tudi med drugim predskupina za Dubiozo Kolektiv, Big Foot Mamo, Kokose,&#8230;<br \/>\nIzdali smo tudi en mini-album Pot v Raj, ampak \u0161e bolj kot na albumu pa blestimo v \u017eivo; zato vas vabimo, da si ogledate na\u0161 live video, da dobite &#8221;vibe&#8221; za band.<\/p>\n<p>&nbsp;<\/p>\n<p>Na\u0161 zadnji spot &#8211; Hard Love:<\/p>\n<p><a href=\"https:\/\/youtu.be\/JONn_JCTtEI?si=PGGrJPjyX6GL-zCE\">https:\/\/youtu.be\/JONn_JCTtEI?si=PGGrJPjyX6GL-zCE<\/a><\/p>\n<p>&nbsp;<\/p>\n<p>Tako pa izgleda na\u0161 nastop v \u017eivo:<\/p>\n<p><a href=\"https:\/\/youtu.be\/GXSava1dtZo?si=CTY7Whd4X0NkGEP0\">https:\/\/youtu.be\/GXSava1dtZo?si=CTY7Whd4X0NkGEP0<\/a><\/p>\n<p>&nbsp;<\/p>\n<p>Povezavi do na\u0161ih socialnih omre\u017eij:<\/p>\n<p><a href=\"https:\/\/www.facebook.com\/angelsxslo\">https:\/\/www.facebook.com\/angelsxslo<\/a><\/p>\n<p><a href=\"https:\/\/www.instagram.com\/angelsexofficial\/\">https:\/\/www.instagram.com\/angelsexofficial\/<\/a><\/p>\n<p>&nbsp;<\/p>\n<p>&nbsp;<\/p>\n<p>Nimfort:<\/p>\n<p>Beseda Nimfort do 23. avgusta \u0161e ni obstajala. Ne vsebuje skritih ali prenesenih pomenov, s katerimi bi se pet \u0161tudentov, ki nosi to ime, lahko poistovetilo, prav tako pa ne omejuje glasbe na specifi\u010den \u017eanr.<\/p>\n<p>&nbsp;<\/p>\n<p>Nimfort je nova beseda, prazen list papirja, na katerega Tim, Jo\u0161t, Nace, Amadej in Oskar pi\u0161ejo svojo zgodbo. Je nov za\u010detek &#8220;catchy&#8221; pop-rock glasbe v mestu, kjer je ta \u017eanr \u017ee dolgo zamrl. Predstavlja del novega vala, a hkrati nekaj popolnoma sve\u017eega \u2013 me\u0161anica v\u0161e\u010dnih stilov, ki je ne najdete nikjer drugje na svetu.<\/p>\n<p>&nbsp;<\/p>\n<p>Spaceship Earth:<\/p>\n<p>SPACESHIP EARTH je heavy-alt-rock-stoner skupina iz tema\u010dnih ulic Ljubljane in mra\u010dnih gozdov Gorenjske. V svoji glasbi zdru\u017eujejo stonerske in psihedeli\u010dne zvoke z umazanim grungeom in alternativnim rockom iz 90ih in 2000ih. Leta 2019 so izdali svoj prvi EP z imenom Geoengineering, pred kratkim pa so svoj zvok definirali s studijskimi singli Chrome, Glare in Light That Surrounds Me. Skupino trenutno sestavljajo Marko Je\u017eek na vokalu in kitari, Darian Toma\u0161evi\u0107 na kitari, Peter Kogov\u0161ek na basu in Ambro\u017e Mo\u010dnik na bobnih.<\/p>","protected":false},"excerpt":{"rendered":"<p>&nbsp; Angel&#8217;s Ex: Mi smo Angel&#8217;s Ex; mlada skupina iz Ljubljane, ki igra\u00a0sexy\u00a0rock &#8216;n&#8217; roll. Najbolj HOT mlado skupino iz Slovenije sestavljamo Leon Bahovec, Jon Ku\u0161trin Tur\u010dinovi\u0107, Niko Kaliterna, Grega Rus in Domen Smole. Skupaj smo preigrali \u017ee obilico koncertov tako v Sloveniji kot tudi \u017ee v tujini in bili tudi med drugim predskupina za [&hellip;]<\/p>","protected":false},"author":11,"featured_media":97040,"template":"","meta":{"_seopress_robots_primary_cat":"none","_seopress_titles_title":"","_seopress_titles_desc":"","_seopress_robots_index":""},"product_brand":[],"product_cat":[230],"product_tag":[222],"class_list":{"0":"post-97033","1":"product","2":"type-product","3":"status-publish","4":"has-post-thumbnail","6":"product_cat-arhiv","7":"product_tag-predprodaja","9":"entry","10":"has-media","12":"first","13":"instock","14":"virtual","15":"taxable","16":"product-type-simple","17":"has-product-nav","18":"col","19":"span_1_of_4","20":"owp-content-center","21":"item-entry","22":"owp-thumbs-layout-horizontal","23":"owp-btn-normal","24":"owp-tabs-layout-section"},"publishpress_future_action":{"enabled":false,"date":"2026-05-10 21:50:42","action":"change-status","newStatus":"draft","terms":[],"taxonomy":"product_cat","extraData":[]},"publishpress_future_workflow_manual_trigger":{"enabledWorkflows":[]},"_links":{"self":[{"href":"https:\/\/www.orto-bar.com\/en\/wp-json\/wp\/v2\/product\/97033","targetHints":{"allow":["GET"]}}],"collection":[{"href":"https:\/\/www.orto-bar.com\/en\/wp-json\/wp\/v2\/product"}],"about":[{"href":"https:\/\/www.orto-bar.com\/en\/wp-json\/wp\/v2\/types\/product"}],"author":[{"embeddable":true,"href":"https:\/\/www.orto-bar.com\/en\/wp-json\/wp\/v2\/users\/11"}],"version-history":[{"count":0,"href":"https:\/\/www.orto-bar.com\/en\/wp-json\/wp\/v2\/product\/97033\/revisions"}],"wp:featuredmedia":[{"embeddable":true,"href":"https:\/\/www.orto-bar.com\/en\/wp-json\/wp\/v2\/media\/97040"}],"wp:attachment":[{"href":"https:\/\/www.orto-bar.com\/en\/wp-json\/wp\/v2\/media?parent=97033"}],"wp:term":[{"taxonomy":"product_brand","embeddable":true,"href":"https:\/\/www.orto-bar.com\/en\/wp-json\/wp\/v2\/product_brand?post=97033"},{"taxonomy":"product_cat","embeddable":true,"href":"https:\/\/www.orto-bar.com\/en\/wp-json\/wp\/v2\/product_cat?post=97033"},{"taxonomy":"product_tag","embeddable":true,"href":"https:\/\/www.orto-bar.com\/en\/wp-json\/wp\/v2\/product_tag?post=97033"}],"curies":[{"name":"wp","href":"https:\/\/api.w.org\/{rel}","templated":true}]}}