{"id":97544,"date":"2025-02-16T16:23:08","date_gmt":"2025-02-16T15:23:08","guid":{"rendered":"https:\/\/www.orto-bar.com\/?post_type=product&#038;p=97544"},"modified":"2025-03-28T00:00:08","modified_gmt":"2025-03-27T23:00:08","slug":"orto-fest-2025-big-foot-mama-dodatni-koncert","status":"publish","type":"product","link":"https:\/\/www.orto-bar.com\/en\/dogodki\/arhiv\/orto-fest-2025-big-foot-mama-dodatni-koncert\/","title":{"rendered":"Orto Fest 2025 &#8211; Big Foot Mama &#8211; Dodatni koncert!"},"content":{"rendered":"<p>&nbsp;<\/p>\n<p><strong>KER JE\u00a0 OTVORITVENI KONCERT\u00a0 RAZPRODAN SMO DODALI PETKOV KONCERT!<\/strong><\/p>\n<p>Skupina Big Foot Mama, nesporna legenda slovenskega rocka, je letos \u017ee v 35. letu delovanja! Po vseh burnih letih na odrih, tiso\u010dinah koncertov, osmih studijskih albumih in \u0161tevilnih uspe\u0161nicah \u0161e vedno dr\u017ei primat na na\u0161i sceni in tudi jubilejno leto bo polno krativnih momentov. Potem ko se je lanski singel OBSEDEN Z NJO zavihtel med 100 najve\u010dkrat predvajanih skladb na Valu 202, je zdaj tu najnovej\u0161a skladba ADIJO METULJI. Ta napoveduje deveti album Big Foot Mame, ki bo iz\u0161el prihodnje leto. Do takrat fante \u010daka \u0161e nekaj velikih izzivov, kot so\u00a0 otvoritev festivala Ortofest in veliki akusti\u010dni koncert v Cankarjevem domu 2. oktobra.<\/p>","protected":false},"excerpt":{"rendered":"<p>&nbsp; KER JE\u00a0 OTVORITVENI KONCERT\u00a0 RAZPRODAN SMO DODALI PETKOV KONCERT! Skupina Big Foot Mama, nesporna legenda slovenskega rocka, je letos \u017ee v 35. letu delovanja! Po vseh burnih letih na odrih, tiso\u010dinah koncertov, osmih studijskih albumih in \u0161tevilnih uspe\u0161nicah \u0161e vedno dr\u017ei primat na na\u0161i sceni in tudi jubilejno leto bo polno krativnih momentov. Potem [&hellip;]<\/p>","protected":false},"author":11,"featured_media":93114,"template":"","meta":{"_seopress_robots_primary_cat":"none","_seopress_titles_title":"","_seopress_titles_desc":"","_seopress_robots_index":""},"product_brand":[],"product_cat":[230],"product_tag":[222],"class_list":{"0":"post-97544","1":"product","2":"type-product","3":"status-publish","4":"has-post-thumbnail","6":"product_cat-arhiv","7":"product_tag-predprodaja","9":"entry","10":"has-media","12":"first","13":"outofstock","14":"virtual","15":"taxable","16":"product-type-simple","17":"has-product-nav","18":"col","19":"span_1_of_4","20":"owp-content-center","21":"item-entry","22":"owp-thumbs-layout-horizontal","23":"owp-btn-normal","24":"owp-tabs-layout-section","25":"has-no-thumbnails"},"publishpress_future_action":{"enabled":false,"date":"2026-05-02 12:37:48","action":"change-status","newStatus":"draft","terms":[],"taxonomy":"product_cat","extraData":[]},"publishpress_future_workflow_manual_trigger":{"enabledWorkflows":[]},"_links":{"self":[{"href":"https:\/\/www.orto-bar.com\/en\/wp-json\/wp\/v2\/product\/97544","targetHints":{"allow":["GET"]}}],"collection":[{"href":"https:\/\/www.orto-bar.com\/en\/wp-json\/wp\/v2\/product"}],"about":[{"href":"https:\/\/www.orto-bar.com\/en\/wp-json\/wp\/v2\/types\/product"}],"author":[{"embeddable":true,"href":"https:\/\/www.orto-bar.com\/en\/wp-json\/wp\/v2\/users\/11"}],"version-history":[{"count":0,"href":"https:\/\/www.orto-bar.com\/en\/wp-json\/wp\/v2\/product\/97544\/revisions"}],"wp:featuredmedia":[{"embeddable":true,"href":"https:\/\/www.orto-bar.com\/en\/wp-json\/wp\/v2\/media\/93114"}],"wp:attachment":[{"href":"https:\/\/www.orto-bar.com\/en\/wp-json\/wp\/v2\/media?parent=97544"}],"wp:term":[{"taxonomy":"product_brand","embeddable":true,"href":"https:\/\/www.orto-bar.com\/en\/wp-json\/wp\/v2\/product_brand?post=97544"},{"taxonomy":"product_cat","embeddable":true,"href":"https:\/\/www.orto-bar.com\/en\/wp-json\/wp\/v2\/product_cat?post=97544"},{"taxonomy":"product_tag","embeddable":true,"href":"https:\/\/www.orto-bar.com\/en\/wp-json\/wp\/v2\/product_tag?post=97544"}],"curies":[{"name":"wp","href":"https:\/\/api.w.org\/{rel}","templated":true}]}}