{"id":97827,"date":"2025-02-17T14:33:25","date_gmt":"2025-02-17T13:33:25","guid":{"rendered":"https:\/\/www.orto-bar.com\/?post_type=product&#038;p=97827"},"modified":"2025-05-23T15:30:01","modified_gmt":"2025-05-23T13:30:01","slug":"sssstari-pes","status":"publish","type":"product","link":"https:\/\/www.orto-bar.com\/en\/dogodki\/arhiv\/sssstari-pes\/","title":{"rendered":"SSS , Stari Pes"},"content":{"rendered":"<p>&nbsp;<\/p>\n<p>&nbsp;<\/p>\n<p>SSS je wanna-be disco band s punkovsko du\u0161o iz Maribora. Novo ime na slovenski alternativni sceni, znano po svojem slabem humorju in \u0161e slab\u0161im ob\u010dutkom za modo. Me\u0161ajo punkish kitare in sintetizator s tamburinom in mastnimi bas linijami, ki ustvarjajo svojevrstno glasbeno izku\u0161njo. V tej sestavi so skupaj od leta 2023, svoj prvenec \u2013 <em>Disssco Fever<\/em> \u2013 pa so izdali v samozalo\u017ebi novembra 2024. Maja 2025 planirajo turnejo po vzhodni Evropi, pred tem pa bodo plo\u0161\u010do predstavili v klubih po Sloveniji. Bend sestavljajo multi instrumentalisti, ki so se za\u010dudoma odlo\u010dili, da je to glasba, katero \u017eelijo ustvarjati. 20% disco, 80% rocknroll, pa si naj Mi\u010do misli kar ho\u010de.<\/p>\n<p>SSS BANDCAMP<\/p>\n<p><a href=\"https:\/\/sssdiscomusic.bandcamp.com\/album\/disssco-fever\">https:\/\/sssdiscomusic.bandcamp.com\/album\/disssco-fever<\/a><\/p>\n<p>SSS YOUTUBE MUSIC<\/p>\n<p><a href=\"https:\/\/music.youtube.com\/channel\/UC5Zh78P0wgHDEaqnuXLz_kA\">https:\/\/music.youtube.com\/channel\/UC5Zh78P0wgHDEaqnuXLz_kA<\/a><\/p>\n<p>SSS \u2013 INSTAGRAM @ssstheband<\/p>\n<p>SSS \u2013 DISCO FEVER (video)<\/p>\n<p><a href=\"https:\/\/www.youtube.com\/watch?v=K18tP2230kg&amp;ab_channel=Umetni%C5%A1kiKlub101Records\">https:\/\/www.youtube.com\/watch?v=K18tP2230kg&amp;ab_channel=Umetni%C5%A1kiKlub101Records<\/a><\/p>\n<p>&nbsp;<\/p>\n<p>\u00bbStari p\u00e9s je krdelo, drzno in zvesto svoji naravi ter na\u010dinu razmi\u0161ljanja. Glasba \u00bbStarega p\u00e9sa\u00ab je predvsem pristna, plesna, psihadelicna in samosvoja. Vsebuje svobodo improvizacije s trdnim oprijemljivim stavkom. Je kot neustavljiva vo\u017enja skozi prostor in \u010das.\u00ab<\/p>\n<p>Stari p\u00e9s je eden udarnej\u0161ih in bolj samosvojih mariborskih kolektivov, ki sceno markira \u017ee 12 let.<\/p>\n<p>Zaznamuje ga lasten, \u017eanrsko fleksibilen \u00bbpasji stil\u00ab, ki na odru za\u017eivi s trenutnimi navdihi posameznikov, hipnoti\u010dnimi ritmi, eroti\u010dnimi groove-i, zadetimi riffi in raskavim vokalom brez povodca.<\/p>\n<p>Leta 2015 so izdali svoj prvenec *Off the leash*, ki ga je posnel in produciral Andrej Koreli\u010d v studiu Glas podzemlja, 2018 je svet uvidel drugi album *Year of the dog* v sodelovanju s producentom Simonom Spreitzerjem, trenutno pa pripravljajo nov material v sodelovanju s producentom Vidom Turico.<\/p>\n<p>ZASEDBA:<br \/>\nJernej \u0160orli \u2013 bobni<br \/>\nMario Pevec \u2013 bas<br \/>\nMartin Mravlje \u2013 kitara<br \/>\nAle\u0161 Tonaj \u2013 tolkala<br \/>\nMatic Jereb \u2013 vokal, klaviatura<\/p>\n<p>STARI PES GLASBENI KATALOG:<br \/>\n<a href=\"https:\/\/li.sten.to\/staripes_yearofthedog?fbclid=IwAR3-rGEg6N7ib6pb1b1KH8XrtUEuK76qomBtprpmswIL6y-ONLPeSgud7_I\">https:\/\/li.sten.to\/staripes_yearofthedog?fbclid=IwAR3-rGEg6N7ib6pb1b1KH8XrtUEuK76qomBtprpmswIL6y-ONLPeSgud7_I<\/a><\/p>\n<p>STARI PES \u2013 GOSKA (video)<\/p>\n<p><a href=\"https:\/\/www.youtube.com\/watch?v=OK-mJPH9y3U\">https:\/\/www.youtube.com\/watch?v=OK-mJPH9y3U<\/a><\/p>\n<p>STARI PES &#8211; INSTAGRAM @stari_pes_band<\/p>\n<p>&nbsp;<\/p>","protected":false},"excerpt":{"rendered":"<p>&nbsp; &nbsp; SSS je wanna-be disco band s punkovsko du\u0161o iz Maribora. Novo ime na slovenski alternativni sceni, znano po svojem slabem humorju in \u0161e slab\u0161im ob\u010dutkom za modo. Me\u0161ajo punkish kitare in sintetizator s tamburinom in mastnimi bas linijami, ki ustvarjajo svojevrstno glasbeno izku\u0161njo. V tej sestavi so skupaj od leta 2023, svoj prvenec [&hellip;]<\/p>","protected":false},"author":11,"featured_media":97833,"template":"","meta":{"_seopress_robots_primary_cat":"none","_seopress_titles_title":"","_seopress_titles_desc":"","_seopress_robots_index":""},"product_brand":[],"product_cat":[230],"product_tag":[222],"class_list":{"0":"post-97827","1":"product","2":"type-product","3":"status-publish","4":"has-post-thumbnail","6":"product_cat-arhiv","7":"product_tag-predprodaja","9":"entry","10":"has-media","12":"first","13":"instock","14":"virtual","15":"taxable","16":"product-type-simple","17":"has-product-nav","18":"col","19":"span_1_of_4","20":"owp-content-center","21":"item-entry","22":"owp-thumbs-layout-horizontal","23":"owp-btn-normal","24":"owp-tabs-layout-section"},"publishpress_future_action":{"enabled":false,"date":"2026-05-10 21:42:24","action":"change-status","newStatus":"draft","terms":[],"taxonomy":"product_cat","extraData":[]},"publishpress_future_workflow_manual_trigger":{"enabledWorkflows":[]},"_links":{"self":[{"href":"https:\/\/www.orto-bar.com\/en\/wp-json\/wp\/v2\/product\/97827","targetHints":{"allow":["GET"]}}],"collection":[{"href":"https:\/\/www.orto-bar.com\/en\/wp-json\/wp\/v2\/product"}],"about":[{"href":"https:\/\/www.orto-bar.com\/en\/wp-json\/wp\/v2\/types\/product"}],"author":[{"embeddable":true,"href":"https:\/\/www.orto-bar.com\/en\/wp-json\/wp\/v2\/users\/11"}],"version-history":[{"count":0,"href":"https:\/\/www.orto-bar.com\/en\/wp-json\/wp\/v2\/product\/97827\/revisions"}],"wp:featuredmedia":[{"embeddable":true,"href":"https:\/\/www.orto-bar.com\/en\/wp-json\/wp\/v2\/media\/97833"}],"wp:attachment":[{"href":"https:\/\/www.orto-bar.com\/en\/wp-json\/wp\/v2\/media?parent=97827"}],"wp:term":[{"taxonomy":"product_brand","embeddable":true,"href":"https:\/\/www.orto-bar.com\/en\/wp-json\/wp\/v2\/product_brand?post=97827"},{"taxonomy":"product_cat","embeddable":true,"href":"https:\/\/www.orto-bar.com\/en\/wp-json\/wp\/v2\/product_cat?post=97827"},{"taxonomy":"product_tag","embeddable":true,"href":"https:\/\/www.orto-bar.com\/en\/wp-json\/wp\/v2\/product_tag?post=97827"}],"curies":[{"name":"wp","href":"https:\/\/api.w.org\/{rel}","templated":true}]}}