{"id":98279,"date":"2025-02-18T19:38:17","date_gmt":"2025-02-18T18:38:17","guid":{"rendered":"https:\/\/www.orto-bar.com\/?post_type=product&#038;p=98279"},"modified":"2025-09-06T00:44:58","modified_gmt":"2025-09-05T22:44:58","slug":"mehanika","status":"publish","type":"product","link":"https:\/\/www.orto-bar.com\/en\/dogodki\/arhiv\/mehanika\/","title":{"rendered":"Mehanika"},"content":{"rendered":"<p>&nbsp;<\/p>\n<p>&#8220;Mehanika so glasbeno precej unikatna zasedba, trio. Njihov \u017eanr bi lahko opredelili kot alternativni rock, ki zdru\u017euje elemente grungea, indie rocka, post-punka in hard rocka. Njihova glasba nosi mo\u010dno \u010dustveno in introspektivno noto, hkrati pa ohranja energijo, ki je zna\u010dilna za klasi\u010dne rock zasedbe. Tisto, kar dela Mehaniko posebno, je sposobnost me\u0161anja razli\u010dnih vplivov \u2013 tema\u010dnost in surovost grungea, spevnost indie rocka, ritmi\u010dna preciznost post-punka in mo\u010d, ki jo prina\u0161a hard rock. To pomeni, da so \u017eanrsko zelo prilagodljivi, vendar se osredoto\u010dajo na avtenti\u010den izraz, kar je tudi njihova najve\u010dja prednost. Glasba Mehanike se ne omejuje le na &#8220;\u0161ablonske&#8221; zvrsti, ampak gradi mostove med nostalgijo in sodobnostjo. Teme, kot so minljivost, razsvetljenje in opazovanje dru\u017ebe, dajejo njihovi glasbi globino, ki pritegne tako ljubitelje klasi\u010dnih kot sodobnih rock podzvrsti. Mehanika je me\u0161anica alternativnega in introspektivnega rocka \u2013 \u017eanr, ki odra\u017ea tako mo\u010d kot \u010dustveno subtilnost.&#8221;<\/p>","protected":false},"excerpt":{"rendered":"<p>&nbsp; &#8220;Mehanika so glasbeno precej unikatna zasedba, trio. Njihov \u017eanr bi lahko opredelili kot alternativni rock, ki zdru\u017euje elemente grungea, indie rocka, post-punka in hard rocka. Njihova glasba nosi mo\u010dno \u010dustveno in introspektivno noto, hkrati pa ohranja energijo, ki je zna\u010dilna za klasi\u010dne rock zasedbe. Tisto, kar dela Mehaniko posebno, je sposobnost me\u0161anja razli\u010dnih vplivov [&hellip;]<\/p>","protected":false},"author":11,"featured_media":114914,"template":"","meta":{"_seopress_robots_primary_cat":"none","_seopress_titles_title":"","_seopress_titles_desc":"","_seopress_robots_index":""},"product_brand":[],"product_cat":[230],"product_tag":[222],"class_list":{"0":"post-98279","1":"product","2":"type-product","3":"status-publish","4":"has-post-thumbnail","6":"product_cat-arhiv","7":"product_tag-predprodaja","9":"entry","10":"has-media","12":"first","13":"instock","14":"virtual","15":"taxable","16":"product-type-simple","17":"has-product-nav","18":"col","19":"span_1_of_4","20":"owp-content-center","21":"item-entry","22":"owp-thumbs-layout-horizontal","23":"owp-btn-normal","24":"owp-tabs-layout-section","25":"has-no-thumbnails"},"publishpress_future_action":{"enabled":false,"date":"2026-04-27 09:05:40","action":"change-status","newStatus":"draft","terms":[],"taxonomy":"product_cat","extraData":[]},"publishpress_future_workflow_manual_trigger":{"enabledWorkflows":[]},"_links":{"self":[{"href":"https:\/\/www.orto-bar.com\/en\/wp-json\/wp\/v2\/product\/98279","targetHints":{"allow":["GET"]}}],"collection":[{"href":"https:\/\/www.orto-bar.com\/en\/wp-json\/wp\/v2\/product"}],"about":[{"href":"https:\/\/www.orto-bar.com\/en\/wp-json\/wp\/v2\/types\/product"}],"author":[{"embeddable":true,"href":"https:\/\/www.orto-bar.com\/en\/wp-json\/wp\/v2\/users\/11"}],"version-history":[{"count":0,"href":"https:\/\/www.orto-bar.com\/en\/wp-json\/wp\/v2\/product\/98279\/revisions"}],"wp:featuredmedia":[{"embeddable":true,"href":"https:\/\/www.orto-bar.com\/en\/wp-json\/wp\/v2\/media\/114914"}],"wp:attachment":[{"href":"https:\/\/www.orto-bar.com\/en\/wp-json\/wp\/v2\/media?parent=98279"}],"wp:term":[{"taxonomy":"product_brand","embeddable":true,"href":"https:\/\/www.orto-bar.com\/en\/wp-json\/wp\/v2\/product_brand?post=98279"},{"taxonomy":"product_cat","embeddable":true,"href":"https:\/\/www.orto-bar.com\/en\/wp-json\/wp\/v2\/product_cat?post=98279"},{"taxonomy":"product_tag","embeddable":true,"href":"https:\/\/www.orto-bar.com\/en\/wp-json\/wp\/v2\/product_tag?post=98279"}],"curies":[{"name":"wp","href":"https:\/\/api.w.org\/{rel}","templated":true}]}}