{"id":99696,"date":"2025-02-24T17:21:41","date_gmt":"2025-02-24T16:21:41","guid":{"rendered":"https:\/\/www.orto-bar.com\/?post_type=product&#038;p=99696"},"modified":"2025-10-26T19:18:25","modified_gmt":"2025-10-26T18:18:25","slug":"the-quakes-lilith-the-noise-boys","status":"publish","type":"product","link":"https:\/\/www.orto-bar.com\/en\/dogodki\/arhiv\/the-quakes-lilith-the-noise-boys\/","title":{"rendered":"The Quakes, Lilith &#038; The Noise Boys"},"content":{"rendered":"<p>THE QUAKES<\/p>\n<p>Skupina The Quakes je nastala leta 1986 v Buffalu (zda). Leto kasneje so se preselili v London, saj je bila v osemdesetih psychobilly in rockabilly glasba v Evropi, \u0161e posebej pa v V. Britaniji v tistem \u010dasu bolj popularna, kot v ZDA. Imeli so ve\u010d nastopov po Angliji in celinski Evropi. Leta 1988 so podpisali pogodbo z Nervus Records in izdali svoj prvi avtorski album z naslovom &#8220;THE QUAKES&#8221;, ki je bil dobro sprejet in takoj postal klasika. Istega leta se je \u017eal zgodila tragi\u010dna nesre\u010da. Ob vrnitvi v ZDA je bobnarja Davea \u201cthe ace\u201d Hoya, teden dni pred njegovim osemnajstim rojstnim dnevom, do smrti zbil avto. Paul Roman (kitarist in vokalist) je ostal v Londonu in imel nekaj novih glasbenih projektov, med drugim je tudi igral kitaro pri slupini Demented Are Go, na njihovi Evropski turneji. Poleti 1989 se je vrnil v Buffalo in z basistom Rob Peltierjem ponovno skupaj spravil The Quakes. Pridru\u017eil se jima je nov bobnar Brian Doran. Sledila je vrsta turnej po Evropi. Junija 1990 je album &#8220;Voice of America&#8221; iz\u0161el pri zalo\u017ebi Nervous. Za mnoge obo\u017eevalce velja za njihov najbolj\u0161i album. Leta 1991 so imeli veliko turnejo na Japonskem in tam tudi posneli album v \u017eivo &#8220;Live in Tokyo&#8221; pri zalo\u017ebi Planet Records. Japonska turneja je bila uspe\u0161na in fantje so podpisali novo pogodbo z Sony\/Japan in The Quakes so izdali svoj \u010detrti album, &#8220;New Generation&#8221; pri Sony Records. Konec devetdesetih let je bend prvi\u010d nekoliko ve\u010d igral tudi na festivalih in turnejah po ZDA. Do danes so izdali \u017ee 11 albumov in imajo redne nastope po ZDA in Evropi kjer so vedno dobro sprejeti. V Sloveniji so prvi\u010d nastopili leta 2014, 26. oktobra 2025 pa bo v Orto baru njihov drugi nastop pred slovensko publiko. Dogodek, ki ga vsekakor ne gre zamuditi.<\/p>\n<p>&nbsp;<\/p>\n<p>&nbsp;<\/p>\n<p>LILITH &amp; THE NOISE BOYS<\/p>\n<p>Bend Lilith &amp; The Noise Boys sestavljajo glasbenica in 4 glasbeniki iz razli\u010dnih alternativnih bendov Clockwork Psycho, 8Bomb, Metropolis, The Fakerrs in nastane iz \u017eelje po glasbenem ustvarjanju nerealiziranih idej posameznikov v svojih mati\u010dnih bendih. Nova glasba bo zmes razli\u010dnih \u017eanrov, kot so psychobilly, rockabilly, punk, hard rock, \u0161e najla\u017eje bi jo opredelili kot gara\u017eni rock&#8217;n&#8217;roll. Zanimivost zasedbe je, da vklju\u010duje poleg bobnov in dveh kitar \u0161e kontrabas in klasi\u010dni bas, kar je \u017ee samo po sebi redkost. Bend je trenutno v polni fazi ustvarjanja, za nov album je predvidenih 12 avtorskih skladb, v \u017eivo pa bodo dodali \u0161e nekatere \u017ee posnete skladbe s prej\u0161njih albumov zgoraj omenjenih bendov. Besedila so v angle\u0161\u010dini, saj je bend orientiran za nastopanje v tujini.<\/p>\n<p>Lilith Clockwork (Clockwork Psycho) \u2013 kontrabas, vokal Jure Lenar\u010di\u010d (8Bomb, Clockwork Psycho) \u2013 kitara, vokal An\u017ee Breskvar (Metropolis, BMD) \u2013 bobni Toma\u017e Urgl (Virus, Bitch Boys, The Fakerrs) \u2013 bas, spr. vokal Choo Lee (Sausages, Metropolis) \u2013 kitara, bad vokal<\/p>\n<p>&nbsp;<\/p>","protected":false},"excerpt":{"rendered":"<p>THE QUAKES Skupina The Quakes je nastala leta 1986 v Buffalu (zda). Leto kasneje so se preselili v London, saj je bila v osemdesetih psychobilly in rockabilly glasba v Evropi, \u0161e posebej pa v V. Britaniji v tistem \u010dasu bolj popularna, kot v ZDA. Imeli so ve\u010d nastopov po Angliji in celinski Evropi. Leta 1988 [&hellip;]<\/p>","protected":false},"author":11,"featured_media":99702,"template":"","meta":{"_seopress_robots_primary_cat":"none","_seopress_titles_title":"","_seopress_titles_desc":"","_seopress_robots_index":""},"product_brand":[],"product_cat":[230],"product_tag":[222],"class_list":{"0":"post-99696","1":"product","2":"type-product","3":"status-publish","4":"has-post-thumbnail","6":"product_cat-arhiv","7":"product_tag-predprodaja","9":"entry","10":"has-media","12":"first","13":"instock","14":"virtual","15":"taxable","16":"product-type-simple","17":"has-product-nav","18":"col","19":"span_1_of_4","20":"owp-content-center","21":"item-entry","22":"owp-thumbs-layout-horizontal","23":"owp-btn-normal","24":"owp-tabs-layout-section","25":"has-no-thumbnails"},"publishpress_future_action":{"enabled":false,"date":"2026-05-11 04:44:40","action":"change-status","newStatus":"draft","terms":[],"taxonomy":"product_cat","extraData":[]},"publishpress_future_workflow_manual_trigger":{"enabledWorkflows":[]},"_links":{"self":[{"href":"https:\/\/www.orto-bar.com\/en\/wp-json\/wp\/v2\/product\/99696","targetHints":{"allow":["GET"]}}],"collection":[{"href":"https:\/\/www.orto-bar.com\/en\/wp-json\/wp\/v2\/product"}],"about":[{"href":"https:\/\/www.orto-bar.com\/en\/wp-json\/wp\/v2\/types\/product"}],"author":[{"embeddable":true,"href":"https:\/\/www.orto-bar.com\/en\/wp-json\/wp\/v2\/users\/11"}],"version-history":[{"count":0,"href":"https:\/\/www.orto-bar.com\/en\/wp-json\/wp\/v2\/product\/99696\/revisions"}],"wp:featuredmedia":[{"embeddable":true,"href":"https:\/\/www.orto-bar.com\/en\/wp-json\/wp\/v2\/media\/99702"}],"wp:attachment":[{"href":"https:\/\/www.orto-bar.com\/en\/wp-json\/wp\/v2\/media?parent=99696"}],"wp:term":[{"taxonomy":"product_brand","embeddable":true,"href":"https:\/\/www.orto-bar.com\/en\/wp-json\/wp\/v2\/product_brand?post=99696"},{"taxonomy":"product_cat","embeddable":true,"href":"https:\/\/www.orto-bar.com\/en\/wp-json\/wp\/v2\/product_cat?post=99696"},{"taxonomy":"product_tag","embeddable":true,"href":"https:\/\/www.orto-bar.com\/en\/wp-json\/wp\/v2\/product_tag?post=99696"}],"curies":[{"name":"wp","href":"https:\/\/api.w.org\/{rel}","templated":true}]}}